{"id":5369,"date":"2021-09-29T06:58:55","date_gmt":"2021-09-29T05:58:55","guid":{"rendered":"https:\/\/elenamir.com\/shop\/?page_id=5369"},"modified":"2021-10-18T09:15:10","modified_gmt":"2021-10-18T08:15:10","slug":"hidden-expressions","status":"publish","type":"page","link":"https:\/\/elenamir.com\/ilustracion\/portfolio\/hidden-expressions\/","title":{"rendered":"Hidden expressions"},"content":{"rendered":"[vc_row row_content_width=\u00bbgrid\u00bb css=\u00bb.vc_custom_1539782229935{padding-bottom: 120px !important;}\u00bb][vc_column][vc_column_text css=\u00bb.vc_custom_1634544905594{padding-bottom: 20px !important;}\u00bb]EN<\/p>\n<p>Line of work arising from intuition, a naif exercise based on the minimum. They are drawings, spots and loose forms, expressive, simple and fragile, close to childhood, that try to make sense of the most unconscious part of the author&#8217;s work. Shapes that are inspired by nature and that necessarily fit into the format.<\/p>\n<p><span data-tt=\"{&quot;paragraphStyle&quot;:{&quot;alignment&quot;:4,&quot;writingDirection&quot;:1}}\">&#8211;<\/span><\/p>\n<p>ES<\/p>\n<p><em>L\u00ednea de trabajos que surgen desde la intuici\u00f3n, en un ejercicio naif basado en lo m\u00ednimo. Son dibujos, manchas y formas sueltos, expresivos, sencillos y fr\u00e1giles, cercanos a la ni\u00f1ez, que intentan dar sentido a la parte m\u00e1s inconsciente del trabajo de la autora. Formas que se inspiran en la naturaleza y que encajan forzadamente en el formato.<\/em>[\/vc_column_text]<div class=\"edgtf-portfolio-list-holder edgtf-grid-list edgtf-grid-masonry-list edgtf-disable-bottom-space edgtf-pl-masonry edgtf-three-columns edgtf-normal-space edgtf-pl-standard-shader edgtf-pl-overlay-shader-type     edgtf-pl-no-content  edgtf-pl-pag-no-pagination      \"  data-type=masonry data-number-of-columns=three data-space-between-items=normal data-number-of-items=-1 data-image-proportions=full data-enable-fixed-proportions=no data-enable-image-shadow=no data-category=hidden-expressions data-orderby=date data-order=ASC data-item-style=standard-shader data-gallery-hover-type=overlay-shader data-content-bottom-margin=15px data-enable-title=no data-title-tag=h5 data-enable-category=no data-enable-excerpt=no data-excerpt-length=20 data-enable-button=no data-enable-predefined-responsive=no data-pagination-type=no-pagination data-filter=no data-filter-order-by=name data-enable-article-animation=no data-portfolio-slider-on=no data-enable-loop=yes data-enable-autoplay=yes data-slider-speed=5000 data-slider-speed-animation=600 data-enable-navigation=yes data-enable-pagination=yes data-enable-unique-overlay-color=no data-enable-unique-text-color=no data-max-num-pages=0 data-next-page=2>\n\t\t<div class=\"edgtf-pl-inner edgtf-outer-space edgtf-masonry-list-wrapper clearfix\">\n\t\t<div class=\"edgtf-masonry-grid-sizer\"><\/div>\n\t\t<div class=\"edgtf-masonry-grid-gutter\"><\/div>\n\t\t\n<article class=\"edgtf-pl-item edgtf-item-space  post-5371 portfolio-item type-portfolio-item status-publish has-post-thumbnail hentry portfolio-category-hidden-expressions\" >\n\t<div class=\"edgtf-pl-item-inner\">\n\t\t<div class=\"edgtf-pli-image\">\n\t<img loading=\"lazy\" decoding=\"async\" width=\"2048\" height=\"1448\" src=\"https:\/\/elenamir.com\/ilustracion\/wp-content\/uploads\/2021\/09\/1-Blue-horse.jpg\" class=\"attachment-full size-full wp-post-image\" alt=\"\" srcset=\"https:\/\/elenamir.com\/ilustracion\/wp-content\/uploads\/2021\/09\/1-Blue-horse.jpg 2048w, https:\/\/elenamir.com\/ilustracion\/wp-content\/uploads\/2021\/09\/1-Blue-horse-300x212.jpg 300w, https:\/\/elenamir.com\/ilustracion\/wp-content\/uploads\/2021\/09\/1-Blue-horse-1024x724.jpg 1024w, https:\/\/elenamir.com\/ilustracion\/wp-content\/uploads\/2021\/09\/1-Blue-horse-768x543.jpg 768w, https:\/\/elenamir.com\/ilustracion\/wp-content\/uploads\/2021\/09\/1-Blue-horse-1536x1086.jpg 1536w, https:\/\/elenamir.com\/ilustracion\/wp-content\/uploads\/2021\/09\/1-Blue-horse-550x389.jpg 550w\" sizes=\"auto, (max-width: 2048px) 100vw, 2048px\" \/><\/div>\n\t\t<a itemprop=\"url\" class=\"edgtf-pli-link edgtf-block-drag-link\" href=\"https:\/\/elenamir.com\/ilustracion\/works\/blue-horse\/\" target=\"_self\"><\/a>\n\t<\/div>\n<\/article>\n<article class=\"edgtf-pl-item edgtf-item-space  post-5374 portfolio-item type-portfolio-item status-publish has-post-thumbnail hentry portfolio-category-hidden-expressions\" >\n\t<div class=\"edgtf-pl-item-inner\">\n\t\t<div class=\"edgtf-pli-image\">\n\t<img loading=\"lazy\" decoding=\"async\" width=\"2048\" height=\"1448\" src=\"https:\/\/elenamir.com\/ilustracion\/wp-content\/uploads\/2021\/09\/1-moths.jpg\" class=\"attachment-full size-full wp-post-image\" alt=\"\" srcset=\"https:\/\/elenamir.com\/ilustracion\/wp-content\/uploads\/2021\/09\/1-moths.jpg 2048w, https:\/\/elenamir.com\/ilustracion\/wp-content\/uploads\/2021\/09\/1-moths-300x212.jpg 300w, https:\/\/elenamir.com\/ilustracion\/wp-content\/uploads\/2021\/09\/1-moths-1024x724.jpg 1024w, https:\/\/elenamir.com\/ilustracion\/wp-content\/uploads\/2021\/09\/1-moths-768x543.jpg 768w, https:\/\/elenamir.com\/ilustracion\/wp-content\/uploads\/2021\/09\/1-moths-1536x1086.jpg 1536w, https:\/\/elenamir.com\/ilustracion\/wp-content\/uploads\/2021\/09\/1-moths-550x389.jpg 550w\" sizes=\"auto, (max-width: 2048px) 100vw, 2048px\" \/><\/div>\n\t\t<a itemprop=\"url\" class=\"edgtf-pli-link edgtf-block-drag-link\" href=\"https:\/\/elenamir.com\/ilustracion\/works\/moths\/\" target=\"_self\"><\/a>\n\t<\/div>\n<\/article>\n<article class=\"edgtf-pl-item edgtf-item-space  post-5385 portfolio-item type-portfolio-item status-publish has-post-thumbnail hentry portfolio-category-hidden-expressions\" >\n\t<div class=\"edgtf-pl-item-inner\">\n\t\t<div class=\"edgtf-pli-image\">\n\t<img loading=\"lazy\" decoding=\"async\" width=\"2048\" height=\"1448\" src=\"https:\/\/elenamir.com\/ilustracion\/wp-content\/uploads\/2021\/09\/the-flight-os-swallows.jpg\" class=\"attachment-full size-full wp-post-image\" alt=\"\" srcset=\"https:\/\/elenamir.com\/ilustracion\/wp-content\/uploads\/2021\/09\/the-flight-os-swallows.jpg 2048w, https:\/\/elenamir.com\/ilustracion\/wp-content\/uploads\/2021\/09\/the-flight-os-swallows-300x212.jpg 300w, https:\/\/elenamir.com\/ilustracion\/wp-content\/uploads\/2021\/09\/the-flight-os-swallows-1024x724.jpg 1024w, https:\/\/elenamir.com\/ilustracion\/wp-content\/uploads\/2021\/09\/the-flight-os-swallows-768x543.jpg 768w, https:\/\/elenamir.com\/ilustracion\/wp-content\/uploads\/2021\/09\/the-flight-os-swallows-1536x1086.jpg 1536w, https:\/\/elenamir.com\/ilustracion\/wp-content\/uploads\/2021\/09\/the-flight-os-swallows-550x389.jpg 550w\" sizes=\"auto, (max-width: 2048px) 100vw, 2048px\" \/><\/div>\n\t\t<a itemprop=\"url\" class=\"edgtf-pli-link edgtf-block-drag-link\" href=\"https:\/\/elenamir.com\/ilustracion\/works\/the-flight-of-the-swallows\/\" target=\"_self\"><\/a>\n\t<\/div>\n<\/article>\n<article class=\"edgtf-pl-item edgtf-item-space  post-5388 portfolio-item type-portfolio-item status-publish has-post-thumbnail hentry portfolio-category-hidden-expressions\" >\n\t<div class=\"edgtf-pl-item-inner\">\n\t\t<div class=\"edgtf-pli-image\">\n\t<img loading=\"lazy\" decoding=\"async\" width=\"2048\" height=\"1448\" src=\"https:\/\/elenamir.com\/ilustracion\/wp-content\/uploads\/2021\/09\/summer-swallow.jpg\" class=\"attachment-full size-full wp-post-image\" alt=\"\" srcset=\"https:\/\/elenamir.com\/ilustracion\/wp-content\/uploads\/2021\/09\/summer-swallow.jpg 2048w, https:\/\/elenamir.com\/ilustracion\/wp-content\/uploads\/2021\/09\/summer-swallow-300x212.jpg 300w, https:\/\/elenamir.com\/ilustracion\/wp-content\/uploads\/2021\/09\/summer-swallow-1024x724.jpg 1024w, https:\/\/elenamir.com\/ilustracion\/wp-content\/uploads\/2021\/09\/summer-swallow-768x543.jpg 768w, https:\/\/elenamir.com\/ilustracion\/wp-content\/uploads\/2021\/09\/summer-swallow-1536x1086.jpg 1536w, https:\/\/elenamir.com\/ilustracion\/wp-content\/uploads\/2021\/09\/summer-swallow-550x389.jpg 550w\" sizes=\"auto, (max-width: 2048px) 100vw, 2048px\" \/><\/div>\n\t\t<a itemprop=\"url\" class=\"edgtf-pli-link edgtf-block-drag-link\" href=\"https:\/\/elenamir.com\/ilustracion\/works\/summer-swallow\/\" target=\"_self\"><\/a>\n\t<\/div>\n<\/article>\n<article class=\"edgtf-pl-item edgtf-item-space  post-5390 portfolio-item type-portfolio-item status-publish has-post-thumbnail hentry portfolio-category-hidden-expressions\" >\n\t<div class=\"edgtf-pl-item-inner\">\n\t\t<div class=\"edgtf-pli-image\">\n\t<img loading=\"lazy\" decoding=\"async\" width=\"2048\" height=\"1448\" src=\"https:\/\/elenamir.com\/ilustracion\/wp-content\/uploads\/2021\/09\/snow-fox-on-fire.jpg\" class=\"attachment-full size-full wp-post-image\" alt=\"\" srcset=\"https:\/\/elenamir.com\/ilustracion\/wp-content\/uploads\/2021\/09\/snow-fox-on-fire.jpg 2048w, https:\/\/elenamir.com\/ilustracion\/wp-content\/uploads\/2021\/09\/snow-fox-on-fire-300x212.jpg 300w, https:\/\/elenamir.com\/ilustracion\/wp-content\/uploads\/2021\/09\/snow-fox-on-fire-1024x724.jpg 1024w, https:\/\/elenamir.com\/ilustracion\/wp-content\/uploads\/2021\/09\/snow-fox-on-fire-768x543.jpg 768w, https:\/\/elenamir.com\/ilustracion\/wp-content\/uploads\/2021\/09\/snow-fox-on-fire-1536x1086.jpg 1536w, https:\/\/elenamir.com\/ilustracion\/wp-content\/uploads\/2021\/09\/snow-fox-on-fire-550x389.jpg 550w\" sizes=\"auto, (max-width: 2048px) 100vw, 2048px\" \/><\/div>\n\t\t<a itemprop=\"url\" class=\"edgtf-pli-link edgtf-block-drag-link\" href=\"https:\/\/elenamir.com\/ilustracion\/works\/snow-fox-on-fire\/\" target=\"_self\"><\/a>\n\t<\/div>\n<\/article>\n<article class=\"edgtf-pl-item edgtf-item-space  post-5392 portfolio-item type-portfolio-item status-publish has-post-thumbnail hentry portfolio-category-hidden-expressions\" >\n\t<div class=\"edgtf-pl-item-inner\">\n\t\t<div class=\"edgtf-pli-image\">\n\t<img loading=\"lazy\" decoding=\"async\" width=\"2048\" height=\"1448\" src=\"https:\/\/elenamir.com\/ilustracion\/wp-content\/uploads\/2021\/09\/deer-winter-on-fire.jpg\" class=\"attachment-full size-full wp-post-image\" alt=\"\" srcset=\"https:\/\/elenamir.com\/ilustracion\/wp-content\/uploads\/2021\/09\/deer-winter-on-fire.jpg 2048w, https:\/\/elenamir.com\/ilustracion\/wp-content\/uploads\/2021\/09\/deer-winter-on-fire-300x212.jpg 300w, https:\/\/elenamir.com\/ilustracion\/wp-content\/uploads\/2021\/09\/deer-winter-on-fire-1024x724.jpg 1024w, https:\/\/elenamir.com\/ilustracion\/wp-content\/uploads\/2021\/09\/deer-winter-on-fire-768x543.jpg 768w, https:\/\/elenamir.com\/ilustracion\/wp-content\/uploads\/2021\/09\/deer-winter-on-fire-1536x1086.jpg 1536w, https:\/\/elenamir.com\/ilustracion\/wp-content\/uploads\/2021\/09\/deer-winter-on-fire-550x389.jpg 550w\" sizes=\"auto, (max-width: 2048px) 100vw, 2048px\" \/><\/div>\n\t\t<a itemprop=\"url\" class=\"edgtf-pli-link edgtf-block-drag-link\" href=\"https:\/\/elenamir.com\/ilustracion\/works\/deer-winter-on-fire\/\" target=\"_self\"><\/a>\n\t<\/div>\n<\/article>\n<article class=\"edgtf-pl-item edgtf-item-space  post-5394 portfolio-item type-portfolio-item status-publish has-post-thumbnail hentry portfolio-category-hidden-expressions\" >\n\t<div class=\"edgtf-pl-item-inner\">\n\t\t<div class=\"edgtf-pli-image\">\n\t<img loading=\"lazy\" decoding=\"async\" width=\"2048\" height=\"1448\" src=\"https:\/\/elenamir.com\/ilustracion\/wp-content\/uploads\/2021\/09\/panther-on-fire.jpg\" class=\"attachment-full size-full wp-post-image\" alt=\"\" srcset=\"https:\/\/elenamir.com\/ilustracion\/wp-content\/uploads\/2021\/09\/panther-on-fire.jpg 2048w, https:\/\/elenamir.com\/ilustracion\/wp-content\/uploads\/2021\/09\/panther-on-fire-300x212.jpg 300w, https:\/\/elenamir.com\/ilustracion\/wp-content\/uploads\/2021\/09\/panther-on-fire-1024x724.jpg 1024w, https:\/\/elenamir.com\/ilustracion\/wp-content\/uploads\/2021\/09\/panther-on-fire-768x543.jpg 768w, https:\/\/elenamir.com\/ilustracion\/wp-content\/uploads\/2021\/09\/panther-on-fire-1536x1086.jpg 1536w, https:\/\/elenamir.com\/ilustracion\/wp-content\/uploads\/2021\/09\/panther-on-fire-550x389.jpg 550w\" sizes=\"auto, (max-width: 2048px) 100vw, 2048px\" \/><\/div>\n\t\t<a itemprop=\"url\" class=\"edgtf-pli-link edgtf-block-drag-link\" href=\"https:\/\/elenamir.com\/ilustracion\/works\/panther-on-fire\/\" target=\"_self\"><\/a>\n\t<\/div>\n<\/article>\n<article class=\"edgtf-pl-item edgtf-item-space  post-5396 portfolio-item type-portfolio-item status-publish has-post-thumbnail hentry portfolio-category-hidden-expressions\" >\n\t<div class=\"edgtf-pl-item-inner\">\n\t\t<div class=\"edgtf-pli-image\">\n\t<img loading=\"lazy\" decoding=\"async\" width=\"1448\" height=\"2048\" src=\"https:\/\/elenamir.com\/ilustracion\/wp-content\/uploads\/2021\/09\/bird-on-fire.jpg\" class=\"attachment-full size-full wp-post-image\" alt=\"\" srcset=\"https:\/\/elenamir.com\/ilustracion\/wp-content\/uploads\/2021\/09\/bird-on-fire.jpg 1448w, https:\/\/elenamir.com\/ilustracion\/wp-content\/uploads\/2021\/09\/bird-on-fire-212x300.jpg 212w, https:\/\/elenamir.com\/ilustracion\/wp-content\/uploads\/2021\/09\/bird-on-fire-724x1024.jpg 724w, https:\/\/elenamir.com\/ilustracion\/wp-content\/uploads\/2021\/09\/bird-on-fire-768x1086.jpg 768w, https:\/\/elenamir.com\/ilustracion\/wp-content\/uploads\/2021\/09\/bird-on-fire-1086x1536.jpg 1086w, https:\/\/elenamir.com\/ilustracion\/wp-content\/uploads\/2021\/09\/bird-on-fire-550x778.jpg 550w\" sizes=\"auto, (max-width: 1448px) 100vw, 1448px\" \/><\/div>\n\t\t<a itemprop=\"url\" class=\"edgtf-pli-link edgtf-block-drag-link\" href=\"https:\/\/elenamir.com\/ilustracion\/works\/bird-on-fire\/\" target=\"_self\"><\/a>\n\t<\/div>\n<\/article>\t<\/div>\n\t\n\t<\/div>[\/vc_column][\/vc_row]\n","protected":false},"excerpt":{"rendered":"<p>[vc_row row_content_width=\u00bbgrid\u00bb css=\u00bb.vc_custom_1539782229935{padding-bottom: 120px !important;}\u00bb][vc_column][vc_column_text css=\u00bb.vc_custom_1634544905594{padding-bottom: 20px !important;}\u00bb]EN Line of work arising from intuition, a naif exercise based on the minimum. They are drawings, spots and loose forms, expressive, simple and fragile, close to childhood, that try to make sense of the most unconscious part of the author&#8217;s work. Shapes that are inspired by nature and that necessarily fit into the format. &#8211; ES L\u00ednea de trabajos que surgen desde la intuici\u00f3n, en un ejercicio [&hellip;]<\/p>\n","protected":false},"author":1,"featured_media":0,"parent":1684,"menu_order":0,"comment_status":"closed","ping_status":"closed","template":"full-width.php","meta":{"footnotes":""},"class_list":["post-5369","page","type-page","status-publish","hentry"],"_links":{"self":[{"href":"https:\/\/elenamir.com\/ilustracion\/wp-json\/wp\/v2\/pages\/5369","targetHints":{"allow":["GET"]}}],"collection":[{"href":"https:\/\/elenamir.com\/ilustracion\/wp-json\/wp\/v2\/pages"}],"about":[{"href":"https:\/\/elenamir.com\/ilustracion\/wp-json\/wp\/v2\/types\/page"}],"author":[{"embeddable":true,"href":"https:\/\/elenamir.com\/ilustracion\/wp-json\/wp\/v2\/users\/1"}],"replies":[{"embeddable":true,"href":"https:\/\/elenamir.com\/ilustracion\/wp-json\/wp\/v2\/comments?post=5369"}],"version-history":[{"count":5,"href":"https:\/\/elenamir.com\/ilustracion\/wp-json\/wp\/v2\/pages\/5369\/revisions"}],"predecessor-version":[{"id":5546,"href":"https:\/\/elenamir.com\/ilustracion\/wp-json\/wp\/v2\/pages\/5369\/revisions\/5546"}],"up":[{"embeddable":true,"href":"https:\/\/elenamir.com\/ilustracion\/wp-json\/wp\/v2\/pages\/1684"}],"wp:attachment":[{"href":"https:\/\/elenamir.com\/ilustracion\/wp-json\/wp\/v2\/media?parent=5369"}],"curies":[{"name":"wp","href":"https:\/\/api.w.org\/{rel}","templated":true}]}}