{"id":1100,"date":"2018-10-11T12:38:55","date_gmt":"2018-10-11T12:38:55","guid":{"rendered":"http:\/\/smilte.edge-themes.com\/?page_id=1100"},"modified":"2021-10-18T09:07:26","modified_gmt":"2021-10-18T08:07:26","slug":"about-contact","status":"publish","type":"page","link":"https:\/\/elenamir.com\/ilustracion\/about-contact\/","title":{"rendered":"About &#038; Contact"},"content":{"rendered":"[vc_row css=\u00bb.vc_custom_1634543949704{background-image: url(https:\/\/elenamir.com\/ilustracion\/wp-content\/uploads\/2021\/04\/elena-mir-about-scaled.jpg?id=4738) !important;background-position: center !important;background-repeat: no-repeat !important;background-size: cover !important;}\u00bb][vc_column]<div class=\"edgtf-elements-holder   edgtf-one-column  edgtf-responsive-mode-768 \" ><div class=\"edgtf-eh-item    \"  data-item-class=\"edgtf-eh-custom-7324\" data-1367-1600=\"134px 0 100px 17%\" data-1025-1366=\"129px 0 220px 9%\" data-769-1024=\"254px 0 219px 12%\" data-681-768=\"365px 0 364px 19%\" data-680=\"223px 0 224px 12%\">\n\t<div class=\"edgtf-eh-item-inner\">\n\t\t<div class=\"edgtf-eh-item-content edgtf-eh-custom-7324\" style=\"padding: 134px 0 100px 17%\">\n\t\t\t<h2 class=\"edgtf-custom-font-holder  edgtf-cf-3605  \" style=\"font-family: Open Sans;font-size: 100px;line-height: 175px;font-weight: 700;text-align: left\" data-item-class=\"edgtf-cf-3605\" data-font-size-680=\"60px\" data-line-height-680=\"100px\">\n\t<\/h2>\t\t<\/div>\n\t<\/div>\n<\/div><\/div>[\/vc_column][\/vc_row][vc_row][vc_column][vc_row_inner row_content_width=\u00bbgrid\u00bb css=\u00bb.vc_custom_1610893254059{padding-top: 148px !important;}\u00bb][vc_column_inner offset=\u00bbvc_col-lg-6 vc_col-md-12&#8243;]<div class=\"edgtf-section-title-holder  edgtf-st-enable-indentation edgtf-st-enable-title-mark\" >\n\t<div class=\"edgtf-st-inner\">\n\t\t\t\t\t<h6 class=\"edgtf-st-title\" >\n\t\t\t\tabout\t\t\t<\/h6>\n\t\t\t\t\t<\/div>\n<\/div>[vc_column_text]PhD in Fine Arts by Universidad Polit\u00e9cnica de Valencia UPV (Valencia, Spain) &amp; Winchester School of Art (UK).<\/p>\n<p>Elena Mir is a Spain based artist who works as an independent illustrator since 2010 for particulars, books, agencies, brands and comercial actions; but she is consider like a multidisciplinar artist because she also works in other disciplines like: paper art (papercut &amp; origami), graphic and multimedia design, and investigates around light, sound and support surfaces for projection media, and is an associate professor at the Fine Arts UPV.[\/vc_column_text][\/vc_column_inner][vc_column_inner offset=\u00bbvc_col-lg-6 vc_col-md-12&#8243; css=\u00bb.vc_custom_1610909858529{padding-top: 40px !important;}\u00bb][vc_column_text]<em>Doctorada en Bellas Artes y Licenciada por la Universidad Polit\u00e9cnica de Valencia UPV (Valencia, Espa\u00f1a) y Winchester School of Art (Reino Unido).<\/em><\/p>\n<p><em>Elena Mir es una artista espa\u00f1ola que trabaja como ilustradora independiente desde 2010 para particulares, libros, agencias, marcas y acciones comerciales, pero es considerada una artista multidisciplinar puesto que tambi\u00e9n trabaja en otras disciplinas como: papercut, dise\u00f1o gr\u00e1fico, editorial y multimedia, investiga en torno a la luz, el sonido y los soportes de proyecci\u00f3n, y es profesora asociada en la Facultad de Bellas Artes UPV de Valencia.<\/em>[\/vc_column_text][\/vc_column_inner][\/vc_row_inner][\/vc_column][\/vc_row][vc_row row_content_width=\u00bbgrid\u00bb css=\u00bb.vc_custom_1611236031220{padding-top: 148px !important;}\u00bb][vc_column]<div class=\"edgtf-section-title-holder  edgtf-st-enable-indentation edgtf-st-enable-title-mark\" >\n\t<div class=\"edgtf-st-inner\">\n\t\t\t\t\t<h6 class=\"edgtf-st-title\" >\n\t\t\t\tbooks, press &amp; magazines\t\t\t<\/h6>\n\t\t\t\t\t<\/div>\n<\/div>[vc_empty_space height=\u00bb56px\u00bb]<div class=\"edgtf-accordion-holder edgtf-ac-default  edgtf-toggle edgtf-ac-simple  clearfix\">\n\t<h6 class=\"edgtf-accordion-title\">\n    <span class=\"edgtf-accordion-mark\">\n\t\t<span class=\"edgtf_icon_plus icon_plus\"><\/span>\n\t\t<span class=\"edgtf_icon_minus icon_minus-06\"><\/span>\n\t<\/span>\n\t<span class=\"edgtf-tab-title\">selected books<\/span>\n<\/h6>\n<div class=\"edgtf-accordion-content\">\n\t<div class=\"edgtf-accordion-content-inner\">\n\t\t[vc_column_text]<div class=\"gca-column one-fourth first\"><i>Septiembre 2019<\/i><\/div><div class=\"gca-column three-fourths\"><strong><a href=\"https:\/\/edicioneshidroavion.com\/product\/preferiblemente-vivas\">Preferiblemente vivas. Ediciones Hidroavio\u0301n<\/a><\/strong><\/div>\n<p>&nbsp;<\/p>\n<div class=\"gca-column one-fourth first\"><em>Abril 2019<\/em><em>\u00a0<\/em><\/div><div class=\"gca-column three-fourths\"><strong><a href=\"https:\/\/www.normaeditorial.com\/ficha\/libros-ilustrados\/reinas-de-la-ilustracion-espanola-del-siglo-xxi\">Reinas de la ilustracio\u0301n del siglo XXI. Norma editorial<\/a><\/strong><\/div>\n<p>&nbsp;<\/p>\n<div class=\"gca-column one-fourth first\"><em>Febrero 2013<\/em><\/div><div class=\"gca-column three-fourths\"><strong><a href=\"https:\/\/www.planetadelibros.com\/libro-ilustradores-espanoles\/91153\">Ilustradores espan\u0303oles. Lunwerg<\/a><\/strong><\/div>\n[\/vc_column_text]\t<\/div>\n<\/div><h6 class=\"edgtf-accordion-title\">\n    <span class=\"edgtf-accordion-mark\">\n\t\t<span class=\"edgtf_icon_plus icon_plus\"><\/span>\n\t\t<span class=\"edgtf_icon_minus icon_minus-06\"><\/span>\n\t<\/span>\n\t<span class=\"edgtf-tab-title\">selected press &amp; magazines<\/span>\n<\/h6>\n<div class=\"edgtf-accordion-content\">\n\t<div class=\"edgtf-accordion-content-inner\">\n\t\t[vc_column_text]<a href=\"https:\/\/twitter.com\/sushimori\/status\/456063542844604416?s=21\"><strong>WE TRANSFER<\/strong><\/a><\/p>\n<p>&nbsp;<\/p>\n<p><a href=\"http:\/\/www.ammomagazine.co.uk\/ammo\/product\/ammo-magazine-issue-8\"><strong>AMMO MAGAZINE \u00a0issue 8<\/strong><\/a><\/p>\n<p>&nbsp;<\/p>\n<p><a href=\"http:\/\/www.ammomagazine.co.uk\/ammo\/artist-directory\/elena-mir\"><strong>AMMO MAGAZINE Elena Mir<\/strong><\/a><\/p>\n<p>&nbsp;<\/p>\n<p><a href=\"http:\/\/www.absolutnetwork.com\/elena-mir-talento-hibrido\/\"><strong>ABSOLUT NETWORK<\/strong><\/a><\/p>\n<p>&nbsp;<\/p>\n<p><strong><a href=\"https:\/\/issuu.com\/amateur\/docs\/amateur_009\">AMATEUR MAGAZINE \u00a0issue 9<\/a><\/strong><\/p>\n<p>&nbsp;<\/p>\n<p><strong><a href=\"http:\/\/issuu.com\/gnz76\/docs\/alb101\">A LITTLE BEAT issue 101<\/a><\/strong><\/p>\n<p>&nbsp;<\/p>\n<p><strong><a href=\"http:\/\/issuu.com\/fernandoleon316\/docs\/vectores_8\">VECTORES MAGAZINE issue 8<\/a><\/strong><\/p>\n<p>&nbsp;<\/p>\n<p><strong><a href=\"https:\/\/www.papaissue.com\/elena-mir\/\">PAPA ISSUE<\/a> \u00a0<\/strong><\/p>\n<p>&nbsp;<\/p>\n<p><strong><a href=\"https:\/\/www.mtn-world.com\/en\/blog\/2013\/09\/17\/octavo-asalto-recap-part-22-2\/\">MONTANA WORLD<\/a><\/strong><\/p>\n<p>&nbsp;<\/p>\n<p><strong><a href=\"https:\/\/verlanga.com\/musica\/estribillos-y-actitud\/\">HITS WITH TITS<\/a><\/strong>[\/vc_column_text]\t<\/div>\n<\/div><h6 class=\"edgtf-accordion-title\">\n    <span class=\"edgtf-accordion-mark\">\n\t\t<span class=\"edgtf_icon_plus icon_plus\"><\/span>\n\t\t<span class=\"edgtf_icon_minus icon_minus-06\"><\/span>\n\t<\/span>\n\t<span class=\"edgtf-tab-title\">selected interviews<\/span>\n<\/h6>\n<div class=\"edgtf-accordion-content\">\n\t<div class=\"edgtf-accordion-content-inner\">\n\t\t[vc_column_text]<div class=\"gca-column one-fourth first\"><em>Marzo 2015<\/em><\/div><div class=\"gca-column three-fourths\"><strong><a href=\"https:\/\/graffica.info\/elena-mir-ilustradora-entrevista\/\">GR\u00c0FFICA\u00a0<\/a><\/strong><\/div>\n<p>&nbsp;<\/p>\n<div class=\"gca-column one-fourth first\"><em>Febrero 2014<\/em><\/div><div class=\"gca-column three-fourths\"><strong><a href=\"http:\/\/www.pinacotecaderadio.net\/2014\/02\/elena-mir.html?m=1\">PINACOTECA DE RADIO (entrevista de radio)\u00a0<\/a><\/strong><\/div>\n<p>&nbsp;<\/p>\n<div class=\"gca-column one-fourth first\"><em>Agosto 2013<\/em><\/div><div class=\"gca-column three-fourths\"><a href=\"http:\/\/ninuk-ilustracion.blogspot.com\/2013\/09\/alice-por-elena-mir.html?m=1\"><strong>ARTTROOP (video)<\/strong><\/a><\/div>\n<p>&nbsp;<\/p>\n<div class=\"gca-column one-fourth first\"><em>Mayo 2013<\/em><\/div><div class=\"gca-column three-fourths\"><a href=\"https:\/\/alaiskmurasaki.cl\/2013\/05\/29\/elena-mir\/\"><strong>ALAISK MURASAKI<\/strong><\/a><\/div>\n<p>&nbsp;<\/p>\n[\/vc_column_text]\t<\/div>\n<\/div><h6 class=\"edgtf-accordion-title\">\n    <span class=\"edgtf-accordion-mark\">\n\t\t<span class=\"edgtf_icon_plus icon_plus\"><\/span>\n\t\t<span class=\"edgtf_icon_minus icon_minus-06\"><\/span>\n\t<\/span>\n\t<span class=\"edgtf-tab-title\">selected exhibitions &amp; events<\/span>\n<\/h6>\n<div class=\"edgtf-accordion-content\">\n\t<div class=\"edgtf-accordion-content-inner\">\n\t\t[vc_column_text]<div class=\"gca-column one-fourth first\">Abril 2015<\/div><div class=\"gca-column three-fourths\"><strong><a href=\"https:\/\/graffica.info\/mbc-fest-musica-diseno-ilustracion\/\">MBC Fest &#8211; Pintura en directo<\/a>\u00a0<\/strong><\/div>\n<p>&nbsp;<\/p>\n<div class=\"gca-column one-fourth first\">Febrero 2015<\/div><div class=\"gca-column three-fourths\"><strong><a href=\"http:\/\/valencia.lecool.com\/event\/aco-es-xata\/\">Horchata Magazine &#8211; Kauf vintage<\/a><\/strong><\/div>\n<p>&nbsp;<\/p>\n<div class=\"gca-column one-fourth first\">Junio 2014<\/div><div class=\"gca-column three-fourths\"><a href=\"https:\/\/inputsdotland.wordpress.com\/2014\/06\/24\/tattoonie-expoparty-round3\/\"><strong>TATTOOINE- Expo &amp; party round #3<\/strong>\u00a0<\/a><\/div>\n<p>&nbsp;<\/p>\n<div class=\"gca-column one-fourth first\">Diciembre 2014<\/div><div class=\"gca-column three-fourths\"><strong><a href=\"https:\/\/dissenycv.es\/cote-escriva-y-domanises-presentan-el-sentaet-custom-tour\/\">MR PINK &#8211; Sentaet Custom Tour\u00a0<\/a><\/strong><\/div>\n<p>&nbsp;<\/p>\n<div class=\"gca-column one-fourth first\">Marzo 2014<\/div><div class=\"gca-column three-fourths\"><strong><a href=\"https:\/\/www.june-illustration.com\/ultimos-trabajos\/pintura-en-directo\/\">NOVARTIS &#8211; Pintura en directo &#8211; Real F\u00e1brica de Tapices (Madrid)<\/a>\u00a0<\/strong><\/div>\n<p>&nbsp;<\/p>\n<div class=\"gca-column one-fourth first\">Marzo 2014<\/div><div class=\"gca-column three-fourths\"><a href=\"https:\/\/miscelanea.info\/e860\/hits-with-tits-presenta-gif-time-hit?lang=en\"><strong>M<\/strong><strong>ISCELANEA &#8211; Gif time hit<\/strong>\u00a0<\/a><\/div>\n<p>&nbsp;<\/p>\n<div class=\"gca-column one-fourth first\">Diciembre 2013<\/div><div class=\"gca-column three-fourths\"><strong><a href=\"https:\/\/miscelanea.info\/e831\/dress-your-wall\">MISCELANEA &#8211; Dress your wall\u00a0<\/a><\/strong><\/div>\n<p>&nbsp;<\/p>\n<div class=\"gca-column one-fourth first\">Octubre 2013<\/div><div class=\"gca-column three-fourths\"><strong><a href=\"https:\/\/www.arteinformado.com\/agenda\/f\/molecula-ilustracion-82927\">MUTUO CENTRO<\/a><\/strong><\/div>\n<p>&nbsp;<\/p>\n<div class=\"gca-column one-fourth first\">Septiembre 2013<\/div><div class=\"gca-column three-fourths\"><strong><a href=\"https:\/\/www.festivalasalto.com\/octavo-asalto-2013\/\">ASALTO FESTIVAL &#8211; Octava edici\u00f3n<\/a><\/strong><\/div>\n<p>&nbsp;<\/p>\n<p><strong><a href=\"http:\/\/www.gallerynucleus.com\/detail\/13149\">GALLERY NUCLEUS<\/a><\/strong><\/p>\n<p>&nbsp;<\/p>\n<p><strong><a href=\"http:\/\/tedxvalencia.com\/ar-tedxvalencia-ideas-en-color-que-merece-la-pena-difundir-elena-mir\/\">TEDx<\/a><\/strong>[\/vc_column_text]\t<\/div>\n<\/div><\/div>[\/vc_column][\/vc_row][vc_row][vc_column][vc_row_inner row_content_width=\u00bbgrid\u00bb css=\u00bb.vc_custom_1610893254059{padding-top: 148px !important;}\u00bb][vc_column_inner offset=\u00bbvc_col-lg-6 vc_col-md-12&#8243;]<div class=\"edgtf-section-title-holder  edgtf-st-enable-indentation edgtf-st-enable-title-mark\" >\n\t<div class=\"edgtf-st-inner\">\n\t\t\t\t\t<h6 class=\"edgtf-st-title\" >\n\t\t\t\tcontact\t\t\t<\/h6>\n\t\t\t\t\t<\/div>\n<\/div>[vc_column_text]EN<\/p>\n<p>Please feel free to get in touch for commissions or even if you would like to say hello:[\/vc_column_text][\/vc_column_inner][vc_column_inner offset=\u00bbvc_col-lg-6 vc_col-md-12&#8243; css=\u00bb.vc_custom_1610909858529{padding-top: 40px !important;}\u00bb][vc_column_text]ES<\/p>\n<p><em>Para cualquier encargo o sencillamente para saludar, si\u00e9ntete libre de escribir a:<\/em>[\/vc_column_text][\/vc_column_inner][\/vc_row_inner][vc_row_inner row_content_width=\u00bbgrid\u00bb content_text_aligment=\u00bbcenter\u00bb css=\u00bb.vc_custom_1611920615605{padding-top: 5% !important;padding-bottom: 10% !important;}\u00bb][vc_column_inner]<a itemprop=\"url\" href=\"mailto:info@elenamir.com\" target=\"_self\"  class=\"edgtf-btn edgtf-btn-large edgtf-btn-outline edgtf-btn-icon\"  >\n    <span class=\"edgtf-btn-text\">info@elenamir.com<\/span>    <i class=\"edgtf-icon-ion-icon ion-android-add \" ><\/i><\/a>[\/vc_column_inner][\/vc_row_inner][\/vc_column][\/vc_row]\n","protected":false},"excerpt":{"rendered":"<p>[vc_row css=\u00bb.vc_custom_1634543949704{background-image: url(https:\/\/elenamir.com\/ilustracion\/wp-content\/uploads\/2021\/04\/elena-mir-about-scaled.jpg?id=4738) !important;background-position: center !important;background-repeat: no-repeat !important;background-size: cover !important;}\u00bb][vc_column][\/vc_column][\/vc_row][vc_row][vc_column][vc_row_inner row_content_width=\u00bbgrid\u00bb css=\u00bb.vc_custom_1610893254059{padding-top: 148px !important;}\u00bb][vc_column_inner offset=\u00bbvc_col-lg-6 vc_col-md-12&#8243;][vc_column_text]PhD in Fine Arts by Universidad Polit\u00e9cnica de Valencia UPV (Valencia, Spain) &amp; Winchester School of Art (UK). Elena Mir is a Spain based artist who works as an independent illustrator since 2010 for particulars, books, agencies, brands and comercial actions; but she is consider like a multidisciplinar artist because she also works in other disciplines like: paper art (papercut [&hellip;]<\/p>\n","protected":false},"author":1,"featured_media":0,"parent":0,"menu_order":0,"comment_status":"closed","ping_status":"closed","template":"full-width.php","meta":{"footnotes":""},"class_list":["post-1100","page","type-page","status-publish","hentry"],"_links":{"self":[{"href":"https:\/\/elenamir.com\/ilustracion\/wp-json\/wp\/v2\/pages\/1100","targetHints":{"allow":["GET"]}}],"collection":[{"href":"https:\/\/elenamir.com\/ilustracion\/wp-json\/wp\/v2\/pages"}],"about":[{"href":"https:\/\/elenamir.com\/ilustracion\/wp-json\/wp\/v2\/types\/page"}],"author":[{"embeddable":true,"href":"https:\/\/elenamir.com\/ilustracion\/wp-json\/wp\/v2\/users\/1"}],"replies":[{"embeddable":true,"href":"https:\/\/elenamir.com\/ilustracion\/wp-json\/wp\/v2\/comments?post=1100"}],"version-history":[{"count":83,"href":"https:\/\/elenamir.com\/ilustracion\/wp-json\/wp\/v2\/pages\/1100\/revisions"}],"predecessor-version":[{"id":5545,"href":"https:\/\/elenamir.com\/ilustracion\/wp-json\/wp\/v2\/pages\/1100\/revisions\/5545"}],"wp:attachment":[{"href":"https:\/\/elenamir.com\/ilustracion\/wp-json\/wp\/v2\/media?parent=1100"}],"curies":[{"name":"wp","href":"https:\/\/api.w.org\/{rel}","templated":true}]}}